{"id":143,"date":"2022-04-04T11:00:00","date_gmt":"2022-04-04T02:00:00","guid":{"rendered":"https:\/\/healer-girl.jp\/news\/product\/143"},"modified":"2022-07-27T19:50:19","modified_gmt":"2022-07-27T10:50:19","slug":"%e3%83%92%e3%83%bc%e3%83%a9%e3%83%bc%e3%83%bb%e3%82%ac%e3%83%bc%e3%83%ab-blu-ray-box-%e4%b8%8a%e5%b7%bb","status":"publish","type":"product","link":"https:\/\/healer-girl.jp\/news\/product\/143","title":{"rendered":"\u30d2\u30fc\u30e9\u30fc\u30fb\u30ac\u30fc\u30eb Blu-ray BOX  \u4e0a\u5dfb"},"content":{"rendered":"<div class=\"wp-block-image\">\n<figure class=\"aligncenter is-resized\"><img loading=\"lazy\" decoding=\"async\" data-src=\"https:\/\/healer-girl.jp\/Hj7NkG8D\/wp-content\/uploads\/2022\/04\/hg1_BDBOX.jpg\" src=\"https:\/\/healer-girl.jp\/Hj7NkG8D\/wp-content\/themes\/healer_202201\/img\/clear.gif\" alt=\"\" class=\"wp-image-142 u-sz_w_100-sp js-lazy\" width=\"840\" height=\"1122\"\/><figcaption>BOX\u88681<\/figcaption><\/figure>\n<\/div>\n\n\n<div class=\"wp-block-columns is-layout-flex wp-container-core-columns-is-layout-9d6595d7 wp-block-columns-is-layout-flex\">\n<div class=\"wp-block-column is-layout-flow wp-block-column-is-layout-flow\">\n<figure class=\"wp-block-image size-large is-resized\"><img loading=\"lazy\" decoding=\"async\" data-src=\"https:\/\/healer-girl.jp\/Hj7NkG8D\/wp-content\/uploads\/2022\/05\/HG1_jacketH1-736x1024.jpg\" src=\"https:\/\/healer-girl.jp\/Hj7NkG8D\/wp-content\/themes\/healer_202201\/img\/clear.gif\" alt=\"\" class=\"wp-image-292 u-sz_w_100-sp js-lazy\" width=\"404\" height=\"562\"\/><figcaption>\u30a4\u30f3\u30ca\u30fc\u30b8\u30e3\u30b1\u30c3\u30c8 \u88681<\/figcaption><\/figure>\n<\/div>\n\n\n\n<div class=\"wp-block-column is-layout-flow wp-block-column-is-layout-flow\">\n<figure class=\"wp-block-image size-large is-resized\"><img loading=\"lazy\" decoding=\"async\" data-src=\"https:\/\/healer-girl.jp\/Hj7NkG8D\/wp-content\/uploads\/2022\/05\/HG1_jacketH4-736x1024.jpg\" src=\"https:\/\/healer-girl.jp\/Hj7NkG8D\/wp-content\/themes\/healer_202201\/img\/clear.gif\" alt=\"\" class=\"wp-image-293 u-sz_w_100-sp js-lazy\" width=\"404\" height=\"562\"\/><figcaption>\u30a4\u30f3\u30ca\u30fc\u30b8\u30e3\u30b1\u30c3\u30c8 \u88684<\/figcaption><\/figure>\n<\/div>\n<\/div>\n\n\n\n<figure class=\"wp-block-image size-full\"><img loading=\"lazy\" decoding=\"async\" width=\"1000\" height=\"667\" data-src=\"https:\/\/healer-girl.jp\/Hj7NkG8D\/wp-content\/uploads\/2022\/07\/HealerGirl_BDBOX_1_TENKAI_white_WEB.jpg\" src=\"https:\/\/healer-girl.jp\/Hj7NkG8D\/wp-content\/themes\/healer_202201\/img\/clear.gif\" alt=\"\" class=\"wp-image-453 u-sz_w_100-sp js-lazy\"\/><\/figure>\n\n\n\n<h2 class=\"wp-block-heading\">\u30d2\u30fc\u30e9\u30fc\u30fb\u30ac\u30fc\u30eb Blu-ray BOX \u4e0a\u5dfb\uff08\u7279\u88c5\u9650\u5b9a\u7248\uff09<\/h2>\n\n\n\n<h3 class=\"wp-block-heading\"><b>\u767a\u58f2\u65e5<\/b><\/h3>\n\n\n\n<h4 class=\"wp-block-heading\"><b>7<\/b><b>\u6708<\/b><b>27<\/b><b>\u65e5\uff08\u6c34\uff09<\/b><\/h4>\n\n\n\n<h3 class=\"wp-block-heading\"><b>\u4fa1\u683c<\/b><\/h3>\n\n\n\n<h4 class=\"wp-block-heading\">19,000\u5186\uff08\u7a0e\u629c) \/ 20,900\u5186\uff08\u7a0e\u8fbc\uff09<\/h4>\n\n\n\n<h3 class=\"wp-block-heading\"><b>\u30b9\u30da\u30c3\u30af<\/b><\/h3>\n\n\n\n<h4 class=\"wp-block-heading\">\u54c1\u756a\uff1aBCXA-1736<\/h4>\n\n\n\n<h4 class=\"wp-block-heading\">\u6642\u9593\uff1a\u672c\u7de8142\u5206\uff0b\u6620\u50cf\u7279\u517845\u5206\uff08\u4e88\u5b9a\uff09<\/h4>\n\n\n\n<h4 class=\"wp-block-heading\">\u97f3\u58f0\uff1a\uff98\uff86\uff71PCM(\uff7d\uff83\uff9a\uff75)<\/h4>\n\n\n\n<h4 class=\"wp-block-heading\">\u6620\u50cf\uff1aAVC\uff0fBD50G\u00d72\u679a\uff0f16:9&lt;1080p High Definition&gt;<\/h4>\n\n\n\n<h3 class=\"wp-block-heading\"><b>\u767a\u58f2\u30fb\u8ca9\u58f2\u5143<\/b><\/h3>\n\n\n\n<h4 class=\"wp-block-heading\">\u30d0\u30f3\u30c0\u30a4\u30ca\u30e0\u30b3\u30d5\u30a3\u30eb\u30e0\u30ef\u30fc\u30af\u30b9<\/h4>\n\n\n\n<h3 class=\"wp-block-heading\">\u4ed5\u69d8<\/h3>\n\n\n\n<h4 class=\"wp-block-heading\"><b>\u30ad\u30e3\u30e9\u30af\u30bf\u30fc\u30c7\u30b6\u30a4\u30f3\u30fb\u79cb\u8c37\u6709\u7d00\u6075\u63cf\u304d\u4e0b\u308d\u3057\u53ce\u7d0d<\/b><b>BOX<\/b><b>\u30fb<\/b><b>\u30a4\u30f3\u30ca\u30fc\u30a4\u30e9\u30b9\u30c8<\/b><\/h4>\n\n\n\n<h3 class=\"wp-block-heading\">\u6620\u50cf\u7279\u5178<\/h3>\n\n\n\n<h4 class=\"wp-block-heading\">\u25a0Healing Program Extra \u524d\u7de8<\/h4>\n\n\n\n<h4 class=\"wp-block-heading\">&nbsp;\u3000\u51fa\u6f14\uff1a\u30d2\u30fc\u30e9\u30fc\u30ac\u30fc\u30eb\u30ba<\/h4>\n\n\n\n<h4 class=\"wp-block-heading\">\u25a0\u30ce\u30f3\u30c6\u30ed\u30c3\u30d7\u30aa\u30fc\u30d7\u30cb\u30f3\u30b0<\/h4>\n\n\n\n<h4 class=\"wp-block-heading\">\u25a0\u30ce\u30f3\u30c6\u30ed\u30c3\u30d7\u30a8\u30f3\u30c7\u30a3\u30f3\u30b0<\/h4>\n\n\n\n<h4 class=\"wp-block-heading\">\u25a0PV\u30fbCM\u96c6<\/h4>\n\n\n\n<h4 class=\"wp-block-heading\">\u25a0Anison Days \u00d7 Healer Girls Extra\u300cFeel You, Heal You \uff5es\u00ear\u00eanit\u00e9\uff5e\u300d<\/h4>\n\n\n\n<h3 class=\"wp-block-heading\">\u97f3\u58f0\u7279\u5178<\/h3>\n\n\n\n<h4 class=\"wp-block-heading\">\u25a0\u6b4c\u55311\uff5e\u6b4c\u55316\u3000\u30ad\u30e3\u30b9\u30c8\u30aa\u30fc\u30c7\u30a3\u30aa\u30b3\u30e1\u30f3\u30bf\u30ea\u30fc<\/h4>\n\n\n\n<h4 class=\"wp-block-heading\">\u3000\uff3b\u51fa\u6f14\uff1a\u7912\u90e8\u82b1\u51dc\u3001\u5800\u5185\u307e\u308a\u83dc\u3001\u718a\u7530\u831c\u97f3\u3001\u5409\u6b66\u5343\u98af\uff3d<\/h4>\n\n\n\n<h3 class=\"wp-block-heading\">\u5c01\u5165\u7279\u5178<\/h3>\n\n\n\n<h4 class=\"wp-block-heading\">\u25a024P\u30aa\u30fc\u30eb\u30ab\u30e9\u30fc\u4f5c\u54c1\u89e3\u8aac\u66f8<\/h4>\n\n\n\n<h4 class=\"wp-block-heading\">\u25a0\u300cFeel You, Heal You\u300d \u30bd\u30ed\u30d0\u30fc\u30b8\u30e7\u30f3CD<\/h4>\n\n\n\n<h2 class=\"wp-block-heading\"><strong>\uff1cTV\u30a2\u30cb\u30e1\u300e\u30d2\u30fc\u30e9\u30fc\u30fb\u30ac\u30fc\u30eb\u300f\u3000Blu-ray BOX\u5e97\u8217\u8cfc\u5165\u7279\u5178\uff1e<\/strong><\/h2>\n\n\n\n<h3 class=\"wp-block-heading\"><strong>\u4e0a\u4e0b\u5dfb\u9023\u52d5\u8cfc\u5165\u7279\u5178<\/strong><\/h3>\n\n\n\n<h4 class=\"wp-block-heading\">\u5bfe\u8c61\u5e97\u8217\u3067\u300c\u30d2\u30fc\u30e9\u30fc\u30fb\u30ac\u30fc\u30eb\u300dBlu-ray BOX\u4e0a\u5dfb\uff06\u4e0b\u5dfb\u4e21\u65b9\u3092\u3054\u8cfc\u5165\u306e\u65b9\u306b\u30e1\u30fc\u30ab\u30fc\u7279\u5178\u3092\u30d7\u30ec\u30bc\u30f3\u30c8\u3044\u305f\u3057\u307e\u3059\u3002<\/h4>\n\n\n\n<h3 class=\"wp-block-heading\"><strong>\u63cf\u304d\u4e0b\u308d\u3057\u30a4\u30e9\u30b9\u30c8\u4f7f\u7528\u3000\u4e0a\u4e0b\u5dfb\u53ce\u7d0dBOX<\/strong><\/h3>\n\n\n\n<h4 class=\"wp-block-heading\">\u203b\u63cf\u304d\u4e0b\u308d\u3057\u30a4\u30e9\u30b9\u30c8\u306e\u30ad\u30e3\u30e9\u30af\u30bf\u30fc\u306f\u540c\u4e00\u3067\u3059\u304c\u3001\u30a4\u30e9\u30b9\u30c8\u306e\u5185\u5bb9\u306f\u5bfe\u8c61\u5e97\u8217\u30b0\u30eb\u30fc\u30d7\u3054\u3068\u306b\u7570\u306a\u308a\u307e\u3059\u3002<\/h4>\n\n\n\n<figure class=\"wp-block-image size-large\"><img loading=\"lazy\" decoding=\"async\" width=\"1024\" height=\"576\" data-src=\"https:\/\/healer-girl.jp\/Hj7NkG8D\/wp-content\/uploads\/2022\/06\/\u30b5\u30e0\u30cd\u7528resize-1-1024x576.png\" src=\"https:\/\/healer-girl.jp\/Hj7NkG8D\/wp-content\/themes\/healer_202201\/img\/clear.gif\" alt=\"\" class=\"wp-image-409 u-sz_w_100-sp js-lazy\"\/><\/figure>\n\n\n\n<h3 class=\"wp-block-heading\">\u5bfe\u8c61\u5e97\u8217<\/h3>\n\n\n\n<h4 class=\"wp-block-heading\">\u3010A\u30b0\u30eb\u30fc\u30d7\u3011\uff1c\u63cf\u304d\u4e0b\u308d\u3057\u30ad\u30e3\u30e9\u30af\u30bf\u30fc\uff1a\u85e4\u4e95\u304b\u306a\u3001\u4e94\u57ce\u73b2\u7f8e\u3001\u68ee\u5d8b\u97ff\u3001\u77e2\u8599\u30bd\u30cb\u30a2\uff1e<\/h4>\n\n\n\n<p>A-on STORE<\/p>\n\n\n\n<p>\u30e8\u30c9\u30d0\u30b7\u30ab\u30e1\u30e9<\/p>\n\n\n\n<p>\u697d\u5929\u30d6\u30c3\u30af\u30b9<\/p>\n\n\n\n<p>\u30d3\u30c3\u30af\u30ab\u30e1\u30e9\u203b\u4e00\u90e8\u5e97\u8217\u3092\u9664\u304f<\/p>\n\n\n\n<p>Joshin\u30c7\u30a3\u30b9\u30af\u30d4\u30a2(Joshin web\u30b7\u30e7\u30c3\u30d7 \u542b\u3080)<\/p>\n\n\n\n<p>\u30bd\u30d5\u30de\u30c3\u30d7\u30fb\u30a2\u30cb\u30e1\u30ac<\/p>\n\n\n\n<p>TSUTAYA\u30aa\u30f3\u30e9\u30a4\u30f3<\/p>\n\n\n\n<h4 class=\"wp-block-heading\">\u3010B\u30b0\u30eb\u30fc\u30d7\u3011\uff1c\u63cf\u304d\u4e0b\u308d\u3057\u30ad\u30e3\u30e9\u30af\u30bf\u30fc\uff1a\u85e4\u4e95\u304b\u306a\u3001\u4e94\u57ce\u73b2\u7f8e\u3001\u68ee\u5d8b\u97ff\u3001\u77e2\u8599\u30bd\u30cb\u30a2\uff1e<\/h4>\n\n\n\n<p>Amazon.co.jp<\/p>\n\n\n\n<p>\u5168\u56fd\u30a2\u30cb\u30e1\u30a4\u30c8\uff08\u901a\u8ca9\u542b\u3080\uff09<\/p>\n\n\n\n<p>\u30bb\u30d6\u30f3\u30cd\u30c3\u30c8\u30b7\u30e7\u30c3\u30d4\u30f3\u30b0<\/p>\n\n\n\n<p>\u30bf\u30ef\u30fc\u30ec\u30b3\u30fc\u30c9\u30aa\u30f3\u30e9\u30a4\u30f3(\u5e97\u8217\u306f\u5bfe\u8c61\u5916)<\/p>\n\n\n\n<p>\u3042\u307f\u3042\u307f\u30aa\u30f3\u30e9\u30a4\u30f3\u30b7\u30e7\u30c3\u30d7<\/p>\n\n\n\n<p>HMV,HMV&amp;BOOKS online<\/p>\n\n\n\n<p>\u8d64\u3044\u718a\u3055\u3093<\/p>\n\n\n\n<p>\u3052\u3063\u3061\u3085\u5c4b\uff08Getchu.com\uff09<\/p>\n\n\n\n<p>\u203b\u9023\u52d5\u7279\u5178\u306f\u3001\u540c\u4e00\u5e97\u8217\u306b\u3066\u4e0a\u5dfb\u3001\u4e0b\u5dfb\u4e21\u65b9\u3092\u3054\u8cfc\u5165\u306e\u65b9\u304c\u5bfe\u8c61\u3068\u306a\u308a\u307e\u3059\u3002<\/p>\n\n\n\n<p>\u203b\u7279\u5178\u306f\u4e0b\u5dfb\u767a\u58f2\u6642\u306e\u304a\u5c4a\u3051\u3068\u306a\u308a\u307e\u3059\u3002<\/p>\n\n\n\n<p>\u203b\u7279\u5178\u5185\u5bb9\u306f\u4e88\u544a\u306a\u304f\u5909\u66f4\u3068\u306a\u308b\u5834\u5408\u304c\u3054\u3056\u3044\u307e\u3059\u3002<\/p>\n\n\n\n<p>\u203b\u5bfe\u8c61\u5e97\u8217\u3067\u3042\u3063\u3066\u3082\u3001\u4e00\u90e8\u5bfe\u8c61\u5916\u306e\u5e97\u8217\u304c\u3042\u308b\u5834\u5408\u304c\u3054\u3056\u3044\u307e\u3059\u3002\u7279\u5178\u306e\u6709\u7121\u306b\u3064\u3044\u3066\u306e\u8a73\u7d30\u306f\u5404\u5bfe\u8c61\u5e97\u8217\u69d8\u3078\u3054\u78ba\u8a8d\u3092\u304a\u9858\u3044\u3044\u305f\u3057\u307e\u3059\u3002<\/p>\n\n\n\n<p>\u203b\u7279\u5178\u306f\u306a\u304f\u306a\u308a\u6b21\u7b2c\u7d42\u4e86\u3068\u306a\u308a\u307e\u3059\u3002\u4e88\u3081\u3054\u4e86\u627f\u304f\u3060\u3055\u3044\u3002<\/p>\n\n\n\n<h4 class=\"wp-block-heading\">&nbsp;<\/h4>\n","protected":false},"featured_media":142,"template":"","class_list":["post-143","product","type-product","status-publish","has-post-thumbnail","hentry","product-category-bd"],"acf":[],"_links":{"self":[{"href":"https:\/\/healer-girl.jp\/news\/wp-json\/wp\/v2\/product\/143","targetHints":{"allow":["GET"]}}],"collection":[{"href":"https:\/\/healer-girl.jp\/news\/wp-json\/wp\/v2\/product"}],"about":[{"href":"https:\/\/healer-girl.jp\/news\/wp-json\/wp\/v2\/types\/product"}],"version-history":[{"count":17,"href":"https:\/\/healer-girl.jp\/news\/wp-json\/wp\/v2\/product\/143\/revisions"}],"predecessor-version":[{"id":456,"href":"https:\/\/healer-girl.jp\/news\/wp-json\/wp\/v2\/product\/143\/revisions\/456"}],"wp:featuredmedia":[{"embeddable":true,"href":"https:\/\/healer-girl.jp\/news\/wp-json\/wp\/v2\/media\/142"}],"wp:attachment":[{"href":"https:\/\/healer-girl.jp\/news\/wp-json\/wp\/v2\/media?parent=143"}],"curies":[{"name":"wp","href":"https:\/\/api.w.org\/{rel}","templated":true}]}}